{"id":121,"date":"2017-03-17T08:46:43","date_gmt":"2017-03-17T08:46:43","guid":{"rendered":"http:\/\/www.daviniamonge.es\/?page_id=121"},"modified":"2017-03-17T09:45:51","modified_gmt":"2017-03-17T09:45:51","slug":"lipoescultura-biologica","status":"publish","type":"page","link":"https:\/\/daviniamonge.es\/index.php\/lipoescultura-biologica\/","title":{"rendered":"Lipoescultura Biol\u00f3gica"},"content":{"rendered":"<div id=\"themify_builder_content-121\" data-postid=\"121\" class=\"themify_builder_content themify_builder_content-121 themify_builder themify_builder_front\">\n\n\t\t\t\t<!-- module_row -->\n\t\t\t<div  data-gutter=\"gutter-default\" class=\"themify_builder_row themify_builder_121_row module_row module_row_0 module_row_121-0 clearfix gutter-default col_align_top\" data-column-alignment=\"col_align_top\">\n\n\t\t\n\t\t\t\t\n\t\t\t\t<div class=\"row_inner_wrapper\">\n\t\t\t\t\t<div class=\"row_inner\">\n\n\t\t\t\t\t\t\n\t\t\t\t\t\t\n\t\t\t\t\t\t\t\n\t\t<div  class=\"col4-2 first tb-column  tb_121_column module_column_0 module_column_121-0-0 module_column\" >\n\n\t\t\t\n\t\t\t\n\t\t\t<div class=\"tb-column-inner\">\n\n\t\t\t\t\n\t\t\t\t\n\t\t\t\t\t\n<!-- module slider image -->\n<div id=\"slider-121-0-0-1-loader\" class=\"themify_builder_slider_loader\" style=\"height:50px;\"><\/div>\n<div id=\"slider-121-0-0-1\" class=\"module module-slider slider-121-0-0-1 themify_builder_slider_wrap clearfix  slider-default  \">\n\n\t\n\t<ul class=\"themify_builder_slider\" \n\t\tdata-id=\"slider-121-0-0-1\" \n\t\tdata-visible=\"1\" \n\t\tdata-scroll=\"1\" \n\t\tdata-auto-scroll=\"4\"\n\t\tdata-speed=\"1\"\n\t\tdata-wrap=\"yes\"\n\t\tdata-arrow=\"yes\"\n\t\tdata-pagination=\"yes\"\n\t\tdata-effect=\"scroll\" \n\t\tdata-height=\"variable\" \n\t\tdata-pause-on-hover=\"resume\" >\n\n\t\t\t\t<li style=\" \">\n\n\t\t\t\t\t\t\t<div class=\"slide-image\">\n\t\t\t\t\t\t\t\t\t\t\t\t\t\t\t\t<img decoding=\"async\" loading=\"lazy\" width=\"559\" height=\"350\" src=\"https:\/\/daviniamonge.es\/wp-content\/uploads\/2017\/03\/1-1.jpg\" class=\" wp-image-203\" alt=\"\" srcset=\"https:\/\/daviniamonge.es\/wp-content\/uploads\/2017\/03\/1-1.jpg 559w, https:\/\/daviniamonge.es\/wp-content\/uploads\/2017\/03\/1-1-300x188.jpg 300w\" sizes=\"auto, (max-width: 559px) 100vw, 559px\" \/>\t\t\t\t\t\t\t\t\t<\/div><!-- \/slide-image -->\n\t\t\t\n\t\t\t\n\t\t<\/li>\n\t\t\t\t<li style=\" \">\n\n\t\t\t\t\t\t\t<div class=\"slide-image\">\n\t\t\t\t\t\t\t\t\t\t\t\t\t\t\t\t<img decoding=\"async\" loading=\"lazy\" width=\"559\" height=\"350\" src=\"https:\/\/daviniamonge.es\/wp-content\/uploads\/2017\/03\/2.jpg\" class=\" wp-image-204\" alt=\"\" srcset=\"https:\/\/daviniamonge.es\/wp-content\/uploads\/2017\/03\/2.jpg 559w, https:\/\/daviniamonge.es\/wp-content\/uploads\/2017\/03\/2-300x188.jpg 300w\" sizes=\"auto, (max-width: 559px) 100vw, 559px\" \/>\t\t\t\t\t\t\t\t\t<\/div><!-- \/slide-image -->\n\t\t\t\n\t\t\t\n\t\t<\/li>\n\t\t\t\t<li style=\" \">\n\n\t\t\t\t\t\t\t<div class=\"slide-image\">\n\t\t\t\t\t\t\t\t\t\t\t\t\t\t\t\t<img decoding=\"async\" loading=\"lazy\" width=\"559\" height=\"350\" src=\"https:\/\/daviniamonge.es\/wp-content\/uploads\/2017\/03\/3-1.jpg\" class=\" wp-image-205\" alt=\"\" srcset=\"https:\/\/daviniamonge.es\/wp-content\/uploads\/2017\/03\/3-1.jpg 559w, https:\/\/daviniamonge.es\/wp-content\/uploads\/2017\/03\/3-1-300x188.jpg 300w\" sizes=\"auto, (max-width: 559px) 100vw, 559px\" \/>\t\t\t\t\t\t\t\t\t<\/div><!-- \/slide-image -->\n\t\t\t\n\t\t\t\n\t\t<\/li>\n\t\t\t\t<li style=\" \">\n\n\t\t\t\t\t\t\t<div class=\"slide-image\">\n\t\t\t\t\t\t\t\t\t\t\t\t\t\t\t\t<img decoding=\"async\" loading=\"lazy\" width=\"559\" height=\"350\" src=\"https:\/\/daviniamonge.es\/wp-content\/uploads\/2017\/03\/4.jpg\" class=\" wp-image-206\" alt=\"\" srcset=\"https:\/\/daviniamonge.es\/wp-content\/uploads\/2017\/03\/4.jpg 559w, https:\/\/daviniamonge.es\/wp-content\/uploads\/2017\/03\/4-300x188.jpg 300w\" sizes=\"auto, (max-width: 559px) 100vw, 559px\" \/>\t\t\t\t\t\t\t\t\t<\/div><!-- \/slide-image -->\n\t\t\t\n\t\t\t\n\t\t<\/li>\n\t\t\t\t<li style=\" \">\n\n\t\t\t\t\t\t\t<div class=\"slide-image\">\n\t\t\t\t\t\t\t\t\t\t\t\t\t\t\t\t<img decoding=\"async\" loading=\"lazy\" width=\"559\" height=\"350\" src=\"https:\/\/daviniamonge.es\/wp-content\/uploads\/2017\/03\/5.jpg\" class=\" wp-image-207\" alt=\"\" srcset=\"https:\/\/daviniamonge.es\/wp-content\/uploads\/2017\/03\/5.jpg 559w, https:\/\/daviniamonge.es\/wp-content\/uploads\/2017\/03\/5-300x188.jpg 300w\" sizes=\"auto, (max-width: 559px) 100vw, 559px\" \/>\t\t\t\t\t\t\t\t\t<\/div><!-- \/slide-image -->\n\t\t\t\n\t\t\t\n\t\t<\/li>\n\t\t\t<\/ul><!-- \/themify_builder_slider -->\n\n<\/div>\n<!-- \/module slider image -->\n\n\t\t\t\t\n\t\t\t<\/div><!-- \/.tb-column-inner -->\n\t\t\t\t\t<\/div>\n\t\t<!-- \/.tb-column -->\n\t\t\n\t\t\n\t\t<div  class=\"col4-2 last tb-column  tb_121_column module_column_1 module_column_121-0-1 module_column\" >\n\n\t\t\t\n\t\t\t\n\t\t\t<div class=\"tb-column-inner\">\n\n\t\t\t\t\n\t\t\t\t\n\t\t\t\t\t\n<!-- module text -->\n<div id=\"text-121-0-1-1\" class=\"module module-text text-121-0-1-1   \">\n\t\n\t\n\t<p>La LIPOESCULTURA BIOL\u00d3GICA consiste en una metodolog\u00eda integral para tratar los diferentes tipos de celulitis, reducir volumen y remodelar tu silueta.<\/p><p>La celulitis, la retenci\u00f3n de l\u00edquidos y la adiposidad pueden tratarse de manera \u00a0muy efectiva y duradera a trav\u00e9s de la aplicaci\u00f3n de fitoterapia y aromaterapia espec\u00edfica, personalizando el tratamiento a las caracter\u00edsticas espec\u00edficas que causan los diferentes tipos de celulitis.<\/p>\n\t<\/div>\n<!-- \/module text -->\n\n\t\t\t\t\n\t\t\t<\/div><!-- \/.tb-column-inner -->\n\t\t\t\t\t<\/div>\n\t\t<!-- \/.tb-column -->\n\t\t\n\t\t\n\t\t\t\t\t\t\t\t\n\t\t\t\t\t\t\t\t\n\t\t\t\t\t\t\t\n\t\t\t\t\t\t<\/div>\n\t\t\t\t\t\t<!-- \/row_inner -->\n\t\t\t\t\t<\/div>\n\t\t\t\t\t<!-- \/row_inner_wrapper -->\n\t\t\t\t<\/div>\n\t\t\t\t<!-- \/module_row -->\n\t\t<\/div>\n<!-- \/themify_builder_content -->","protected":false},"excerpt":{"rendered":"<p>La LIPOESCULTURA BIOL\u00d3GICA consiste en una metodolog\u00eda integral para tratar los diferentes tipos de celulitis, reducir volumen y remodelar tu silueta.La celulitis, la retenci\u00f3n de l\u00edquidos y la adiposidad pueden tratarse de manera \u00a0muy efectiva y duradera a trav\u00e9s de la aplicaci\u00f3n de fitoterapia y aromaterapia espec\u00edfica, personalizando el tratamiento a las caracter\u00edsticas espec\u00edficas que [&hellip;]<\/p>\n","protected":false},"author":1,"featured_media":0,"parent":0,"menu_order":0,"comment_status":"closed","ping_status":"closed","template":"","meta":{"footnotes":""},"class_list":["post-121","page","type-page","status-publish","hentry","has-post-title","no-post-date","has-post-category","has-post-tag","has-post-comment","has-post-author"],"_links":{"self":[{"href":"https:\/\/daviniamonge.es\/index.php\/wp-json\/wp\/v2\/pages\/121","targetHints":{"allow":["GET"]}}],"collection":[{"href":"https:\/\/daviniamonge.es\/index.php\/wp-json\/wp\/v2\/pages"}],"about":[{"href":"https:\/\/daviniamonge.es\/index.php\/wp-json\/wp\/v2\/types\/page"}],"author":[{"embeddable":true,"href":"https:\/\/daviniamonge.es\/index.php\/wp-json\/wp\/v2\/users\/1"}],"replies":[{"embeddable":true,"href":"https:\/\/daviniamonge.es\/index.php\/wp-json\/wp\/v2\/comments?post=121"}],"version-history":[{"count":2,"href":"https:\/\/daviniamonge.es\/index.php\/wp-json\/wp\/v2\/pages\/121\/revisions"}],"predecessor-version":[{"id":208,"href":"https:\/\/daviniamonge.es\/index.php\/wp-json\/wp\/v2\/pages\/121\/revisions\/208"}],"wp:attachment":[{"href":"https:\/\/daviniamonge.es\/index.php\/wp-json\/wp\/v2\/media?parent=121"}],"curies":[{"name":"wp","href":"https:\/\/api.w.org\/{rel}","templated":true}]}}