{"id":101,"date":"2017-03-17T08:18:47","date_gmt":"2017-03-17T08:18:47","guid":{"rendered":"http:\/\/www.daviniamonge.es\/?page_id=101"},"modified":"2017-03-17T10:25:27","modified_gmt":"2017-03-17T10:25:27","slug":"faciales","status":"publish","type":"page","link":"https:\/\/daviniamonge.es\/index.php\/faciales\/","title":{"rendered":"Faciales"},"content":{"rendered":"<div id=\"themify_builder_content-101\" data-postid=\"101\" class=\"themify_builder_content themify_builder_content-101 themify_builder themify_builder_front\">\n\n\t\t\t\t<!-- module_row -->\n\t\t\t<div  data-gutter=\"gutter-default\" class=\"themify_builder_row themify_builder_101_row module_row module_row_0 module_row_101-0 clearfix gutter-default col_align_top\" data-column-alignment=\"col_align_top\">\n\n\t\t\n\t\t\t\t\n\t\t\t\t<div class=\"row_inner_wrapper\">\n\t\t\t\t\t<div class=\"row_inner\">\n\n\t\t\t\t\t\t\n\t\t\t\t\t\t\n\t\t\t\t\t\t\t\n\t\t<div  class=\"col-full first tb-column  tb_101_column module_column_0 module_column_101-0-0 module_column\" >\n\n\t\t\t\n\t\t\t\n\t\t\t<div class=\"tb-column-inner\">\n\n\t\t\t\t\n\t\t\t\t\n\t\t\t\t\t\n\t<!-- module image -->\n\t<div id=\"image-101-0-0-1\" class=\"module module-image image-101-0-0-1   image-top  \">\n\n\t\t\n\t\t\n\t\t<div class=\"image-wrap\">\n\t\t\t\t\t\t\t<img loading=\"lazy\" decoding=\"async\" width=\"1900\" height=\"600\" src=\"https:\/\/daviniamonge.es\/wp-content\/uploads\/2017\/03\/Cirugia-estetica-facial.jpg\" class=\" wp-image-225\" alt=\"\" srcset=\"https:\/\/daviniamonge.es\/wp-content\/uploads\/2017\/03\/Cirugia-estetica-facial.jpg 1900w, https:\/\/daviniamonge.es\/wp-content\/uploads\/2017\/03\/Cirugia-estetica-facial-300x95.jpg 300w, https:\/\/daviniamonge.es\/wp-content\/uploads\/2017\/03\/Cirugia-estetica-facial-768x243.jpg 768w, https:\/\/daviniamonge.es\/wp-content\/uploads\/2017\/03\/Cirugia-estetica-facial-1024x323.jpg 1024w\" sizes=\"auto, (max-width: 1900px) 100vw, 1900px\" \/>\t\t\t\n\t\t\t\t\t\t<\/div>\n\t\t\t<!-- \/image-wrap -->\n\t\t\n\t\t\n\t\t\n\t\t<\/div>\n\t<!-- \/module image -->\n\n\n\t\t\t\t\n\t\t\t<\/div><!-- \/.tb-column-inner -->\n\t\t\t\t\t<\/div>\n\t\t<!-- \/.tb-column -->\n\t\t\n\t\t\n\t\t\t\t\t\t\t\t\n\t\t\t\t\t\t\t\t\n\t\t\t\t\t\t\t\n\t\t\t\t\t\t<\/div>\n\t\t\t\t\t\t<!-- \/row_inner -->\n\t\t\t\t\t<\/div>\n\t\t\t\t\t<!-- \/row_inner_wrapper -->\n\t\t\t\t<\/div>\n\t\t\t\t<!-- \/module_row -->\n\t\t\t\t\t<!-- module_row -->\n\t\t\t<div  data-gutter=\"gutter-default\" class=\"themify_builder_row themify_builder_101_row module_row module_row_1 module_row_101-1 clearfix gutter-default col_align_top\" data-column-alignment=\"col_align_top\">\n\n\t\t\n\t\t\t\t\n\t\t\t\t<div class=\"row_inner_wrapper\">\n\t\t\t\t\t<div class=\"row_inner\">\n\n\t\t\t\t\t\t\n\t\t\t\t\t\t\n\t\t\t\t\t\t\t\n\t\t<div  class=\"col3-1 first tb-column  tb_101_column module_column_0 module_column_101-1-0 module_column\" >\n\n\t\t\t\n\t\t\t\n\t\t\t<div class=\"tb-column-inner\">\n\n\t\t\t\t\n\t\t\t\t\n\t\t\t\t\t\n<!-- module text -->\n<div id=\"text-101-1-0-1\" class=\"module module-text text-101-1-0-1   \">\n\t\n\t\n\t<h3 style=\"text-align: center;\">Limpieza facial<\/h3><h3 style=\"text-align: center;\">Tratamiento facial happinness<\/h3><h3 style=\"text-align: center;\">BDR C\u00e1psulas<\/h3><h5 style=\"text-align: center; padding-left: 30px;\">(Antiacn\u00e9 A, Antiacn\u00e9 B,\u00a0Antiacn\u00e9 C)<\/h5><h3 style=\"text-align: center;\">Luminosidad<\/h3>\n\t<\/div>\n<!-- \/module text -->\n\n\t\t\t\t\n\t\t\t<\/div><!-- \/.tb-column-inner -->\n\t\t\t\t\t<\/div>\n\t\t<!-- \/.tb-column -->\n\t\t\n\t\t\n\t\t<div  class=\"col3-1 middle tb-column  tb_101_column module_column_1 module_column_101-1-1 module_column\" >\n\n\t\t\t\n\t\t\t\n\t\t\t<div class=\"tb-column-inner\">\n\n\t\t\t\t\n\t\t\t\t\n\t\t\t\t\t\n<!-- module text -->\n<div id=\"text-101-1-1-1\" class=\"module module-text text-101-1-1-1   \">\n\t\n\t\n\t<h3 style=\"text-align: center;\">Ojos<\/h3><h3 style=\"text-align: center;\">Problemas localizados<\/h3><h3 style=\"text-align: center;\">Imperfecciones<\/h3><h3 style=\"text-align: center;\">Firmeza<\/h3><h3 style=\"text-align: center;\">Juventud<\/h3>\n\t<\/div>\n<!-- \/module text -->\n\n\t\t\t\t\n\t\t\t<\/div><!-- \/.tb-column-inner -->\n\t\t\t\t\t<\/div>\n\t\t<!-- \/.tb-column -->\n\t\t\n\t\t\n\t\t<div  class=\"col3-1 last tb-column  tb_101_column module_column_2 module_column_101-1-2 module_column\" >\n\n\t\t\t\n\t\t\t\n\t\t\t<div class=\"tb-column-inner\">\n\n\t\t\t\t\n\t\t\t\t\n\t\t\t\t\t\n<!-- module text -->\n<div id=\"text-101-1-2-1\" class=\"module module-text text-101-1-2-1   \">\n\t\n\t\n\t<h3 style=\"text-align: center;\">Antiestres<\/h3><h3 style=\"text-align: center;\">Hidrataci\u00f3n extrema<\/h3><h3 style=\"text-align: center;\">Antiarrugas localizada<\/h3><h3 style=\"text-align: center;\">Juventud hombres<\/h3><h3 style=\"text-align: center;\">Juventud turbo<\/h3>\n\t<\/div>\n<!-- \/module text -->\n\n\t\t\t\t\n\t\t\t<\/div><!-- \/.tb-column-inner -->\n\t\t\t\t\t<\/div>\n\t\t<!-- \/.tb-column -->\n\t\t\n\t\t\n\t\t\t\t\t\t\t\t\n\t\t\t\t\t\t\t\t\n\t\t\t\t\t\t\t\n\t\t\t\t\t\t<\/div>\n\t\t\t\t\t\t<!-- \/row_inner -->\n\t\t\t\t\t<\/div>\n\t\t\t\t\t<!-- \/row_inner_wrapper -->\n\t\t\t\t<\/div>\n\t\t\t\t<!-- \/module_row -->\n\t\t<\/div>\n<!-- \/themify_builder_content -->","protected":false},"excerpt":{"rendered":"<p>Limpieza facialTratamiento facial happinnessBDR C\u00e1psulas(Antiacn\u00e9 A, Antiacn\u00e9 B,\u00a0Antiacn\u00e9 C)Luminosidad<\/p>\n","protected":false},"author":1,"featured_media":0,"parent":0,"menu_order":0,"comment_status":"closed","ping_status":"closed","template":"","meta":{"footnotes":""},"class_list":["post-101","page","type-page","status-publish","hentry","has-post-title","no-post-date","has-post-category","has-post-tag","has-post-comment","has-post-author"],"_links":{"self":[{"href":"https:\/\/daviniamonge.es\/index.php\/wp-json\/wp\/v2\/pages\/101","targetHints":{"allow":["GET"]}}],"collection":[{"href":"https:\/\/daviniamonge.es\/index.php\/wp-json\/wp\/v2\/pages"}],"about":[{"href":"https:\/\/daviniamonge.es\/index.php\/wp-json\/wp\/v2\/types\/page"}],"author":[{"embeddable":true,"href":"https:\/\/daviniamonge.es\/index.php\/wp-json\/wp\/v2\/users\/1"}],"replies":[{"embeddable":true,"href":"https:\/\/daviniamonge.es\/index.php\/wp-json\/wp\/v2\/comments?post=101"}],"version-history":[{"count":2,"href":"https:\/\/daviniamonge.es\/index.php\/wp-json\/wp\/v2\/pages\/101\/revisions"}],"predecessor-version":[{"id":226,"href":"https:\/\/daviniamonge.es\/index.php\/wp-json\/wp\/v2\/pages\/101\/revisions\/226"}],"wp:attachment":[{"href":"https:\/\/daviniamonge.es\/index.php\/wp-json\/wp\/v2\/media?parent=101"}],"curies":[{"name":"wp","href":"https:\/\/api.w.org\/{rel}","templated":true}]}}