{"id":10,"date":"2017-02-06T09:29:03","date_gmt":"2017-02-06T09:29:03","guid":{"rendered":"http:\/\/www.daviniamonge.es\/?page_id=10"},"modified":"2020-01-15T09:26:16","modified_gmt":"2020-01-15T09:26:16","slug":"inicio","status":"publish","type":"page","link":"https:\/\/daviniamonge.es\/","title":{"rendered":"Inicio"},"content":{"rendered":"<div id=\"themify_builder_content-10\" data-postid=\"10\" class=\"themify_builder_content themify_builder_content-10 themify_builder themify_builder_front\">\n\n\t\t\t\t<!-- module_row -->\n\t\t\t<div  data-gutter=\"gutter-default\" class=\"themify_builder_row themify_builder_10_row module_row module_row_0 module_row_10-0 clearfix gutter-default col_align_top fullwidth-content\" data-column-alignment=\"col_align_top\">\n\n\t\t\n\t\t\t\t\n\t\t\t\t<div class=\"row_inner_wrapper\">\n\t\t\t\t\t<div class=\"row_inner\">\n\n\t\t\t\t\t\t\n\t\t\t\t\t\t\n\t\t\t\t\t\t\t\n\t\t<div  class=\"col-full first tb-column  tb_10_column module_column_0 module_column_10-0-0 module_column\" >\n\n\t\t\t\n\t\t\t\n\t\t\t<div class=\"tb-column-inner\">\n\n\t\t\t\t\n\t\t\t\t\n\t\t\t\t\t\n<!-- module slider image -->\n<div id=\"slider-10-0-0-1-loader\" class=\"themify_builder_slider_loader\" style=\"height:50px;\"><\/div>\n<div id=\"slider-10-0-0-1\" class=\"module module-slider slider-10-0-0-1 themify_builder_slider_wrap clearfix  slider-overlay  \">\n\n\t\n\t<ul class=\"themify_builder_slider\" \n\t\tdata-id=\"slider-10-0-0-1\" \n\t\tdata-visible=\"1\" \n\t\tdata-scroll=\"1\" \n\t\tdata-auto-scroll=\"4\"\n\t\tdata-speed=\"1\"\n\t\tdata-wrap=\"yes\"\n\t\tdata-arrow=\"yes\"\n\t\tdata-pagination=\"yes\"\n\t\tdata-effect=\"scroll\" \n\t\tdata-height=\"variable\" \n\t\tdata-pause-on-hover=\"resume\" >\n\n\t\t\t\t<li style=\" \">\n\n\t\t\t\t\t\t\t<div class=\"slide-image\">\n\t\t\t\t\t\t\t\t\t\t\t\t\t\t\t\t<img decoding=\"async\" loading=\"lazy\" width=\"1600\" height=\"801\" src=\"https:\/\/daviniamonge.es\/wp-content\/uploads\/2020\/01\/tratamiento-facial-corporal-navarrete-la-rioja-2.jpg\" class=\" wp-image-280\" alt=\"tratamiento facial corporal navarrete la rioja (2)\" srcset=\"https:\/\/daviniamonge.es\/wp-content\/uploads\/2020\/01\/tratamiento-facial-corporal-navarrete-la-rioja-2.jpg 1600w, https:\/\/daviniamonge.es\/wp-content\/uploads\/2020\/01\/tratamiento-facial-corporal-navarrete-la-rioja-2-300x150.jpg 300w, https:\/\/daviniamonge.es\/wp-content\/uploads\/2020\/01\/tratamiento-facial-corporal-navarrete-la-rioja-2-1024x513.jpg 1024w, https:\/\/daviniamonge.es\/wp-content\/uploads\/2020\/01\/tratamiento-facial-corporal-navarrete-la-rioja-2-768x384.jpg 768w, https:\/\/daviniamonge.es\/wp-content\/uploads\/2020\/01\/tratamiento-facial-corporal-navarrete-la-rioja-2-1536x769.jpg 1536w\" sizes=\"auto, (max-width: 1600px) 100vw, 1600px\" \/>\t\t\t\t\t\t\t\t\t<\/div><!-- \/slide-image -->\n\t\t\t\n\t\t\t\n\t\t<\/li>\n\t\t\t\t<li style=\" \">\n\n\t\t\t\t\t\t\t<div class=\"slide-image\">\n\t\t\t\t\t\t\t\t\t\t\t\t\t\t\t\t<img decoding=\"async\" loading=\"lazy\" width=\"1598\" height=\"801\" src=\"https:\/\/daviniamonge.es\/wp-content\/uploads\/2020\/01\/tratamiento-facial-corporal-navarrete-la-rioja-1.jpg\" class=\" wp-image-279\" alt=\"tratamiento facial corporal navarrete la rioja (1)\" srcset=\"https:\/\/daviniamonge.es\/wp-content\/uploads\/2020\/01\/tratamiento-facial-corporal-navarrete-la-rioja-1.jpg 1598w, https:\/\/daviniamonge.es\/wp-content\/uploads\/2020\/01\/tratamiento-facial-corporal-navarrete-la-rioja-1-300x150.jpg 300w, https:\/\/daviniamonge.es\/wp-content\/uploads\/2020\/01\/tratamiento-facial-corporal-navarrete-la-rioja-1-1024x513.jpg 1024w, https:\/\/daviniamonge.es\/wp-content\/uploads\/2020\/01\/tratamiento-facial-corporal-navarrete-la-rioja-1-768x385.jpg 768w, https:\/\/daviniamonge.es\/wp-content\/uploads\/2020\/01\/tratamiento-facial-corporal-navarrete-la-rioja-1-1536x770.jpg 1536w\" sizes=\"auto, (max-width: 1598px) 100vw, 1598px\" \/>\t\t\t\t\t\t\t\t\t<\/div><!-- \/slide-image -->\n\t\t\t\n\t\t\t\n\t\t<\/li>\n\t\t\t\t<li style=\" \">\n\n\t\t\t\t\t\t\t<div class=\"slide-image\">\n\t\t\t\t\t\t\t\t\t\t\t\t\t\t\t\t<img decoding=\"async\" loading=\"lazy\" width=\"1599\" height=\"800\" src=\"https:\/\/daviniamonge.es\/wp-content\/uploads\/2020\/01\/navarrete-estetica-tratamiento-facial-corporal-.jpg\" class=\" wp-image-276\" alt=\"navarrete estetica tratamiento facial corporal\" srcset=\"https:\/\/daviniamonge.es\/wp-content\/uploads\/2020\/01\/navarrete-estetica-tratamiento-facial-corporal-.jpg 1599w, https:\/\/daviniamonge.es\/wp-content\/uploads\/2020\/01\/navarrete-estetica-tratamiento-facial-corporal--300x150.jpg 300w, https:\/\/daviniamonge.es\/wp-content\/uploads\/2020\/01\/navarrete-estetica-tratamiento-facial-corporal--1024x512.jpg 1024w, https:\/\/daviniamonge.es\/wp-content\/uploads\/2020\/01\/navarrete-estetica-tratamiento-facial-corporal--768x384.jpg 768w, https:\/\/daviniamonge.es\/wp-content\/uploads\/2020\/01\/navarrete-estetica-tratamiento-facial-corporal--1536x768.jpg 1536w\" sizes=\"auto, (max-width: 1599px) 100vw, 1599px\" \/>\t\t\t\t\t\t\t\t\t<\/div><!-- \/slide-image -->\n\t\t\t\n\t\t\t\n\t\t<\/li>\n\t\t\t<\/ul><!-- \/themify_builder_slider -->\n\n<\/div>\n<!-- \/module slider image -->\n\n<!-- module fancy heading -->\n<div id=\"fancy-heading-10-0-0-2\" class=\"module module-fancy-heading fancy-heading-10-0-0-2  \">\n\t<h1 class=\"fancy-heading themify-text-center\">\n\t\t<span class=\"main-head\">Davinia Monge<\/span>\n\t\t<span class=\"sub-head\">Centro de est\u00e9tica avanzada<\/span>\n\t<\/h1>\n<\/div>\n<!-- \/module fancy heading -->\n\n\t\t\t\t\n\t\t\t<\/div><!-- \/.tb-column-inner -->\n\t\t\t\t\t<\/div>\n\t\t<!-- \/.tb-column -->\n\t\t\n\t\t\n\t\t\t\t\t\t\t\t\n\t\t\t\t\t\t\t\t\n\t\t\t\t\t\t\t\n\t\t\t\t\t\t<\/div>\n\t\t\t\t\t\t<!-- \/row_inner -->\n\t\t\t\t\t<\/div>\n\t\t\t\t\t<!-- \/row_inner_wrapper -->\n\t\t\t\t<\/div>\n\t\t\t\t<!-- \/module_row -->\n\t\t\t\t\t<!-- module_row -->\n\t\t\t<div  data-gutter=\"gutter-default\" class=\"themify_builder_row themify_builder_10_row module_row module_row_1 module_row_10-1 clearfix gutter-default col_align_top\" data-column-alignment=\"col_align_top\">\n\n\t\t\n\t\t\t\t\n\t\t\t\t<div class=\"row_inner_wrapper\">\n\t\t\t\t\t<div class=\"row_inner\">\n\n\t\t\t\t\t\t\n\t\t\t\t\t\t\n\t\t\t\t\t\t\t\n\t\t<div  class=\"col3-1 first tb-column  tb_10_column module_column_0 module_column_10-1-0 module_column\" >\n\n\t\t\t\n\t\t\t\n\t\t\t<div class=\"tb-column-inner\">\n\n\t\t\t\t\n\t\t\t\t\n\t\t\t\t\t\n\t<!-- module image -->\n\t<div id=\"image-10-1-0-1\" class=\"module module-image image-10-1-0-1 circle image-center  \">\n\n\t\t\n\t\t\n\t\t<div class=\"image-wrap\">\n\t\t\t\t\t\t\t<a href=\"https:\/\/daviniamonge.es\/index.php\/la-capsula-del-tiempo\/\"  >\n\t\t\t\t\t\t\t\t\t\t<img loading=\"lazy\" decoding=\"async\" width=\"600\" height=\"600\" src=\"https:\/\/daviniamonge.es\/wp-content\/uploads\/2017\/02\/01.jpg\" class=\" wp-image-49\" title=\"La C\u00e1psula del Tiempo\" alt=\"La C\u00e1psula del Tiempo es una soluci\u00f3n a las arrugas e imperfecciones de la piel con resultados inmediatos, que combina lo \u00faltimo en dermac\u00e9utica y tecnolog\u00eda de precisi\u00f3n alemana.\" srcset=\"https:\/\/daviniamonge.es\/wp-content\/uploads\/2017\/02\/01.jpg 600w, https:\/\/daviniamonge.es\/wp-content\/uploads\/2017\/02\/01-150x150.jpg 150w, https:\/\/daviniamonge.es\/wp-content\/uploads\/2017\/02\/01-300x300.jpg 300w, https:\/\/daviniamonge.es\/wp-content\/uploads\/2017\/02\/01-400x400.jpg 400w\" sizes=\"auto, (max-width: 600px) 100vw, 600px\" \/>\t\t\t\t<\/a>\n\t\t\t\n\t\t\t\t\t\t<\/div>\n\t\t\t<!-- \/image-wrap -->\n\t\t\n\t\t\t\t\t<div class=\"image-content\">\n\t\t\t\t\t\t\t\t\t<h3 class=\"image-title\">\n\t\t\t\t\t\t\t\t\t\t\t\t\t<a href=\"https:\/\/daviniamonge.es\/index.php\/la-capsula-del-tiempo\/\"  >\n\t\t\t\t\t\t\t\t   La C\u00e1psula del Tiempo\t\t\t\t\t\t\t<\/a>\n\t\t\t\t\t\t\t\t\t\t\t<\/h3>\n\t\t\t\t\n\t\t\t\t\t\t\t\t\t<div class=\"image-caption\">\n\t\t\t\t\t\tLa C\u00e1psula del Tiempo es una soluci\u00f3n a las arrugas e imperfecciones de la piel con resultados inmediatos, que combina lo \u00faltimo en dermac\u00e9utica y tecnolog\u00eda de precisi\u00f3n alemana.\t\t\t\t\t<\/div>\n\t\t\t\t\t<!-- \/image-caption -->\n\t\t\t\t\t\t\t<\/div>\n\t\t\t<!-- \/image-content -->\n\t\t\n\t\t\n\t\t<\/div>\n\t<!-- \/module image -->\n\n\n\t\t\t\t\n\t\t\t<\/div><!-- \/.tb-column-inner -->\n\t\t\t\t\t<\/div>\n\t\t<!-- \/.tb-column -->\n\t\t\n\t\t\n\t\t<div  class=\"col3-1 middle tb-column  tb_10_column module_column_1 module_column_10-1-1 module_column\" >\n\n\t\t\t\n\t\t\t\n\t\t\t<div class=\"tb-column-inner\">\n\n\t\t\t\t\n\t\t\t\t\n\t\t\t\t\t\n\t<!-- module image -->\n\t<div id=\"image-10-1-1-1\" class=\"module module-image image-10-1-1-1 circle image-center  \">\n\n\t\t\n\t\t\n\t\t<div class=\"image-wrap\">\n\t\t\t\t\t\t\t<a href=\"https:\/\/daviniamonge.es\/index.php\/ipl-luz-impulsada-intensa\/\"  >\n\t\t\t\t\t\t\t\t\t\t<img loading=\"lazy\" decoding=\"async\" width=\"600\" height=\"600\" src=\"https:\/\/daviniamonge.es\/wp-content\/uploads\/2017\/03\/4.png\" class=\" wp-image-83\" title=\"Luz Impulsada Intensa IPL\" alt=\"El IPL es un m\u00e9todo no invasivo de depilaci\u00f3n y rejuvenecimiento de la piel. Una aut\u00e9ntica revoluci\u00f3n en el mundo de la est\u00e9tica que hasta ahora giraba en torno al l\u00e1ser\" srcset=\"https:\/\/daviniamonge.es\/wp-content\/uploads\/2017\/03\/4.png 600w, https:\/\/daviniamonge.es\/wp-content\/uploads\/2017\/03\/4-150x150.png 150w, https:\/\/daviniamonge.es\/wp-content\/uploads\/2017\/03\/4-300x300.png 300w\" sizes=\"auto, (max-width: 600px) 100vw, 600px\" \/>\t\t\t\t<\/a>\n\t\t\t\n\t\t\t\t\t\t<\/div>\n\t\t\t<!-- \/image-wrap -->\n\t\t\n\t\t\t\t\t<div class=\"image-content\">\n\t\t\t\t\t\t\t\t\t<h3 class=\"image-title\">\n\t\t\t\t\t\t\t\t\t\t\t\t\t<a href=\"https:\/\/daviniamonge.es\/index.php\/ipl-luz-impulsada-intensa\/\"  >\n\t\t\t\t\t\t\t\t   Luz Impulsada Intensa IPL\t\t\t\t\t\t\t<\/a>\n\t\t\t\t\t\t\t\t\t\t\t<\/h3>\n\t\t\t\t\n\t\t\t\t\t\t\t\t\t<div class=\"image-caption\">\n\t\t\t\t\t\tEl IPL es un m\u00e9todo no invasivo de depilaci\u00f3n y rejuvenecimiento de la piel. Una aut\u00e9ntica revoluci\u00f3n en el mundo de la est\u00e9tica que hasta ahora giraba en torno al l\u00e1ser\t\t\t\t\t<\/div>\n\t\t\t\t\t<!-- \/image-caption -->\n\t\t\t\t\t\t\t<\/div>\n\t\t\t<!-- \/image-content -->\n\t\t\n\t\t\n\t\t<\/div>\n\t<!-- \/module image -->\n\n\n\t\t\t\t\n\t\t\t<\/div><!-- \/.tb-column-inner -->\n\t\t\t\t\t<\/div>\n\t\t<!-- \/.tb-column -->\n\t\t\n\t\t\n\t\t<div  class=\"col3-1 last tb-column  tb_10_column module_column_2 module_column_10-1-2 module_column\" >\n\n\t\t\t\n\t\t\t\n\t\t\t<div class=\"tb-column-inner\">\n\n\t\t\t\t\n\t\t\t\t\n\t\t\t\t\t\n\t<!-- module image -->\n\t<div id=\"image-10-1-2-1\" class=\"module module-image image-10-1-2-1 circle image-center  \">\n\n\t\t\n\t\t\n\t\t<div class=\"image-wrap\">\n\t\t\t\t\t\t\t<a href=\"https:\/\/daviniamonge.es\/index.php\/ems-estimulacion-electrica-muscular\/\"  >\n\t\t\t\t\t\t\t\t\t\t<img loading=\"lazy\" decoding=\"async\" width=\"448\" height=\"448\" src=\"https:\/\/daviniamonge.es\/wp-content\/uploads\/2020\/01\/lpg-navarrete-la-rioja.png\" class=\" wp-image-275\" title=\"LPG endermologie\" alt=\"Alternativa 100 % natural para estimular la actividad celular dormida de nuestra piel y luchar contra toda manifestaci\u00f3n antiest\u00e9tica (arrugas, piel fl\u00e1cida, grasa resistente, piel de naranja, etc\u2026).\" srcset=\"https:\/\/daviniamonge.es\/wp-content\/uploads\/2020\/01\/lpg-navarrete-la-rioja.png 448w, https:\/\/daviniamonge.es\/wp-content\/uploads\/2020\/01\/lpg-navarrete-la-rioja-300x300.png 300w, https:\/\/daviniamonge.es\/wp-content\/uploads\/2020\/01\/lpg-navarrete-la-rioja-150x150.png 150w\" sizes=\"auto, (max-width: 448px) 100vw, 448px\" \/>\t\t\t\t<\/a>\n\t\t\t\n\t\t\t\t\t\t<\/div>\n\t\t\t<!-- \/image-wrap -->\n\t\t\n\t\t\t\t\t<div class=\"image-content\">\n\t\t\t\t\t\t\t\t\t<h3 class=\"image-title\">\n\t\t\t\t\t\t\t\t\t\t\t\t\t<a href=\"https:\/\/daviniamonge.es\/index.php\/ems-estimulacion-electrica-muscular\/\"  >\n\t\t\t\t\t\t\t\t   LPG endermologie\t\t\t\t\t\t\t<\/a>\n\t\t\t\t\t\t\t\t\t\t\t<\/h3>\n\t\t\t\t\n\t\t\t\t\t\t\t\t\t<div class=\"image-caption\">\n\t\t\t\t\t\tAlternativa 100 % natural para estimular la actividad celular dormida de nuestra piel y luchar contra toda manifestaci\u00f3n antiest\u00e9tica (arrugas, piel fl\u00e1cida, grasa resistente, piel de naranja, etc\u2026).\n\t\t\t\t\t<\/div>\n\t\t\t\t\t<!-- \/image-caption -->\n\t\t\t\t\t\t\t<\/div>\n\t\t\t<!-- \/image-content -->\n\t\t\n\t\t\n\t\t<\/div>\n\t<!-- \/module image -->\n\n\n\t\t\t\t\n\t\t\t<\/div><!-- \/.tb-column-inner -->\n\t\t\t\t\t<\/div>\n\t\t<!-- \/.tb-column -->\n\t\t\n\t\t\n\t\t\t\t\t\t\t\t\n\t\t\t\t\t\t\t\t\n\t\t\t\t\t\t\t\n\t\t\t\t\t\t<\/div>\n\t\t\t\t\t\t<!-- \/row_inner -->\n\t\t\t\t\t<\/div>\n\t\t\t\t\t<!-- \/row_inner_wrapper -->\n\t\t\t\t<\/div>\n\t\t\t\t<!-- \/module_row -->\n\t\t\t\t\t<!-- module_row -->\n\t\t\t<div  data-gutter=\"gutter-default\" class=\"themify_builder_row themify_builder_10_row module_row module_row_2 module_row_10-2 clearfix gutter-default col_align_top fullcover fullwidth-content bg-position-center-center\" data-column-alignment=\"col_align_top\">\n\n\t\t\n\t\t\t\t\n\t\t\t\t<div class=\"row_inner_wrapper\">\n\t\t\t\t\t<div class=\"row_inner\">\n\n\t\t\t\t\t\t\n\t\t\t\t\t\t\n\t\t\t\t\t\t\t\n\t\t<div  class=\"col4-2 first tb-column  tb_10_column module_column_0 module_column_10-2-0 module_column\" >\n\n\t\t\t\n\t\t\t\n\t\t\t<div class=\"tb-column-inner\">\n\n\t\t\t\t\n\t\t\t\t\n\t\t\t\t\t\n<!-- module fancy heading -->\n<div id=\"fancy-heading-10-2-0-1\" class=\"module module-fancy-heading fancy-heading-10-2-0-1  \">\n\t<h1 class=\"fancy-heading themify-text-center\">\n\t\t<span class=\"main-head\">Davinia Monge<\/span>\n\t\t<span class=\"sub-head\">Horario<\/span>\n\t<\/h1>\n<\/div>\n<!-- \/module fancy heading -->\n\n<!-- module text -->\n<div id=\"text-10-2-0-2\" class=\"module module-text text-10-2-0-2   \">\n\t\n\t\n\t<h4 style=\"text-align: center;\"><span style=\"color: #ffffff;\">Lunes a Viernes <\/span><\/h4><h4 style=\"text-align: center;\"><span style=\"color: #ffffff;\">9:30-13:30<\/span><\/h4><h4 style=\"text-align: center;\"><span style=\"color: #ffffff;\"> 16:30-20:30<\/span><\/h4><h4 style=\"text-align: center;\"><span style=\"color: #ffffff;\">\u00a0<\/span><\/h4><h4 style=\"text-align: center;\"><span style=\"color: #ffffff;\">S\u00e1bados<\/span><\/h4><h4 style=\"text-align: center;\"><span style=\"color: #ffffff;\"> 9:30-13:30<\/span><\/h4><h4 style=\"text-align: center;\"><span style=\"color: #ffffff;\">\u00a0<\/span><\/h4><p>\u00a0<\/p>\n\t<\/div>\n<!-- \/module text -->\n\n\t\t\t\t\n\t\t\t<\/div><!-- \/.tb-column-inner -->\n\t\t\t\t\t<\/div>\n\t\t<!-- \/.tb-column -->\n\t\t\n\t\t\n\t\t<div  class=\"col4-2 last tb-column empty-column tb_10_column module_column_1 module_column_10-2-1 module_column\" >\n\n\t\t\t\n\t\t\t\n\t\t\t<div class=\"tb-column-inner\">\n\n\t\t\t\t\n\t\t\t\t\n\t\t\t\t\t&nbsp;\n\t\t\t\t\n\t\t\t<\/div><!-- \/.tb-column-inner -->\n\t\t\t\t\t<\/div>\n\t\t<!-- \/.tb-column -->\n\t\t\n\t\t\n\t\t\t\t\t\t\t\t\n\t\t\t\t\t\t\t\t\n\t\t\t\t\t\t\t\n\t\t\t\t\t\t<\/div>\n\t\t\t\t\t\t<!-- \/row_inner -->\n\t\t\t\t\t<\/div>\n\t\t\t\t\t<!-- \/row_inner_wrapper -->\n\t\t\t\t<\/div>\n\t\t\t\t<!-- \/module_row -->\n\t\t\t\t\t<!-- module_row -->\n\t\t\t<div  data-gutter=\"gutter-default\" class=\"themify_builder_row themify_builder_10_row module_row module_row_3 module_row_10-3 clearfix gutter-default col_align_top\" data-column-alignment=\"col_align_top\">\n\n\t\t\n\t\t\t\t\n\t\t\t\t<div class=\"row_inner_wrapper\">\n\t\t\t\t\t<div class=\"row_inner\">\n\n\t\t\t\t\t\t\n\t\t\t\t\t\t\n\t\t\t\t\t\t\t\n\t\t<div  class=\"col-full first tb-column  tb_10_column module_column_0 module_column_10-3-0 module_column\" >\n\n\t\t\t\n\t\t\t\n\t\t\t<div class=\"tb-column-inner\">\n\n\t\t\t\t\n\t\t\t\t\n\t\t\t\t\t\n<!-- module text -->\n<div id=\"text-10-3-0-1\" class=\"module module-text text-10-3-0-1   \">\n\t\n\t\n\t<h1 style=\"text-align: center;\">Ultimos Trabajos<\/h1>\n\t<\/div>\n<!-- \/module text -->\n\n    <!-- module gallery -->\n    <div id=\"gallery-10-3-0-2\" class=\"module module-gallery gallery-10-3-0-2 gallery gallery-columns-4  layout-grid    \">\n\n        \n        \t<dl class=\"gallery-item\">\n\t\t<dt class=\"gallery-icon\">\n\t\t<a title=\"\" href=\"https:\/\/daviniamonge.es\/wp-content\/uploads\/2017\/03\/17190484_1435219423215426_8925751076658030425_n.jpg\"><img loading=\"lazy\" decoding=\"async\" src=\"https:\/\/daviniamonge.es\/wp-content\/uploads\/2017\/03\/17190484_1435219423215426_8925751076658030425_n-250x200.jpg\" width=\"250\" height=\"200\" class=\" wp-image-212\" alt=\"\" \/><\/a>\t\t<\/dt>\n\t\t\t\t<dd>\n\t\t\t\t\t\t\t\t<\/dd>\n\t<\/dl>\n\n\t\n\t<dl class=\"gallery-item\">\n\t\t<dt class=\"gallery-icon\">\n\t\t<a title=\"\" href=\"https:\/\/daviniamonge.es\/wp-content\/uploads\/2017\/03\/35.jpg\"><img loading=\"lazy\" decoding=\"async\" src=\"https:\/\/daviniamonge.es\/wp-content\/uploads\/2017\/03\/35-1024x768-250x200.jpg\" width=\"250\" height=\"200\" class=\" wp-image-95\" alt=\"\" \/><\/a>\t\t<\/dt>\n\t\t\t\t<dd>\n\t\t\t\t\t\t\t\t<\/dd>\n\t<\/dl>\n\n\t\n\t<dl class=\"gallery-item\">\n\t\t<dt class=\"gallery-icon\">\n\t\t<a title=\"\" href=\"https:\/\/daviniamonge.es\/wp-content\/uploads\/2017\/03\/34.jpg\"><img loading=\"lazy\" decoding=\"async\" src=\"https:\/\/daviniamonge.es\/wp-content\/uploads\/2017\/03\/34-1024x768-250x200.jpg\" width=\"250\" height=\"200\" class=\" wp-image-94\" alt=\"\" \/><\/a>\t\t<\/dt>\n\t\t\t\t<dd>\n\t\t\t\t\t\t\t\t<\/dd>\n\t<\/dl>\n\n\t\n\t<dl class=\"gallery-item\">\n\t\t<dt class=\"gallery-icon\">\n\t\t<a title=\"\" href=\"https:\/\/daviniamonge.es\/wp-content\/uploads\/2017\/03\/33.jpg\"><img loading=\"lazy\" decoding=\"async\" src=\"https:\/\/daviniamonge.es\/wp-content\/uploads\/2017\/03\/33-1024x768-250x200.jpg\" width=\"250\" height=\"200\" class=\" wp-image-93\" alt=\"\" \/><\/a>\t\t<\/dt>\n\t\t\t\t<dd>\n\t\t\t\t\t\t\t\t<\/dd>\n\t<\/dl>\n\n\t\t\t<br style=\"clear: both\" \/>\n\t\n\t<dl class=\"gallery-item\">\n\t\t<dt class=\"gallery-icon\">\n\t\t<a title=\"\" href=\"https:\/\/daviniamonge.es\/wp-content\/uploads\/2017\/03\/26.jpg\"><img loading=\"lazy\" decoding=\"async\" src=\"https:\/\/daviniamonge.es\/wp-content\/uploads\/2017\/03\/26-1024x768-250x200.jpg\" width=\"250\" height=\"200\" class=\" wp-image-91\" alt=\"\" \/><\/a>\t\t<\/dt>\n\t\t\t\t<dd>\n\t\t\t\t\t\t\t\t<\/dd>\n\t<\/dl>\n\n\t\n\t<dl class=\"gallery-item\">\n\t\t<dt class=\"gallery-icon\">\n\t\t<a title=\"\" href=\"https:\/\/daviniamonge.es\/wp-content\/uploads\/2017\/03\/28.jpg\"><img loading=\"lazy\" decoding=\"async\" src=\"https:\/\/daviniamonge.es\/wp-content\/uploads\/2017\/03\/28-1024x768-250x200.jpg\" width=\"250\" height=\"200\" class=\" wp-image-92\" alt=\"\" \/><\/a>\t\t<\/dt>\n\t\t\t\t<dd>\n\t\t\t\t\t\t\t\t<\/dd>\n\t<\/dl>\n\n\t\n\t<dl class=\"gallery-item\">\n\t\t<dt class=\"gallery-icon\">\n\t\t<a title=\"\" href=\"https:\/\/daviniamonge.es\/wp-content\/uploads\/2017\/03\/8.jpg\"><img loading=\"lazy\" decoding=\"async\" src=\"https:\/\/daviniamonge.es\/wp-content\/uploads\/2017\/03\/8-1024x768-250x200.jpg\" width=\"250\" height=\"200\" class=\" wp-image-89\" alt=\"\" \/><\/a>\t\t<\/dt>\n\t\t\t\t<dd>\n\t\t\t\t\t\t\t\t<\/dd>\n\t<\/dl>\n\n\t\n\t<dl class=\"gallery-item\">\n\t\t<dt class=\"gallery-icon\">\n\t\t<a title=\"\" href=\"https:\/\/daviniamonge.es\/wp-content\/uploads\/2017\/03\/3.jpg\"><img loading=\"lazy\" decoding=\"async\" src=\"https:\/\/daviniamonge.es\/wp-content\/uploads\/2017\/03\/3-1024x768-250x200.jpg\" width=\"250\" height=\"200\" class=\" wp-image-88\" alt=\"\" \/><\/a>\t\t<\/dt>\n\t\t\t\t<dd>\n\t\t\t\t\t\t\t\t<\/dd>\n\t<\/dl>\n\n\t\t\t<br style=\"clear: both\" \/>\n\t\n\t<dl class=\"gallery-item\">\n\t\t<dt class=\"gallery-icon\">\n\t\t<a title=\"\" href=\"https:\/\/daviniamonge.es\/wp-content\/uploads\/2017\/03\/48.jpg\"><img loading=\"lazy\" decoding=\"async\" src=\"https:\/\/daviniamonge.es\/wp-content\/uploads\/2017\/03\/48-1024x768-250x200.jpg\" width=\"250\" height=\"200\" class=\" wp-image-96\" alt=\"\" \/><\/a>\t\t<\/dt>\n\t\t\t\t<dd>\n\t\t\t\t\t\t\t\t<\/dd>\n\t<\/dl>\n\n\t\n\t<dl class=\"gallery-item\">\n\t\t<dt class=\"gallery-icon\">\n\t\t<a title=\"\" href=\"https:\/\/daviniamonge.es\/wp-content\/uploads\/2017\/03\/81.jpg\"><img loading=\"lazy\" decoding=\"async\" src=\"https:\/\/daviniamonge.es\/wp-content\/uploads\/2017\/03\/81-1024x768-250x200.jpg\" width=\"250\" height=\"200\" class=\" wp-image-97\" alt=\"\" \/><\/a>\t\t<\/dt>\n\t\t\t\t<dd>\n\t\t\t\t\t\t\t\t<\/dd>\n\t<\/dl>\n\n\t\n\t<dl class=\"gallery-item\">\n\t\t<dt class=\"gallery-icon\">\n\t\t<a title=\"\" href=\"https:\/\/daviniamonge.es\/wp-content\/uploads\/2017\/03\/13.jpg\"><img loading=\"lazy\" decoding=\"async\" src=\"https:\/\/daviniamonge.es\/wp-content\/uploads\/2017\/03\/13-1024x768-250x200.jpg\" width=\"250\" height=\"200\" class=\" wp-image-90\" alt=\"\" \/><\/a>\t\t<\/dt>\n\t\t\t\t<dd>\n\t\t\t\t\t\t\t\t<\/dd>\n\t<\/dl>\n\n\t\n\t<dl class=\"gallery-item\">\n\t\t<dt class=\"gallery-icon\">\n\t\t<a title=\"\" href=\"https:\/\/daviniamonge.es\/wp-content\/uploads\/2017\/03\/17156269_1437027809701254_6358019136732197446_n.jpg\"><img loading=\"lazy\" decoding=\"async\" src=\"https:\/\/daviniamonge.es\/wp-content\/uploads\/2017\/03\/17156269_1437027809701254_6358019136732197446_n-250x200.jpg\" width=\"250\" height=\"200\" class=\" wp-image-211\" alt=\"\" \/><\/a>\t\t<\/dt>\n\t\t\t\t<dd>\n\t\t\t\t\t\t\t\t<\/dd>\n\t<\/dl>\n\n\t\t\t<br style=\"clear: both\" \/>\n\t\n<br style=\"clear: both\" \/>\n\n    <\/div>\n    <!-- \/module gallery -->\n\n\n\t\t\t\t\n\t\t\t<\/div><!-- \/.tb-column-inner -->\n\t\t\t\t\t<\/div>\n\t\t<!-- \/.tb-column -->\n\t\t\n\t\t\n\t\t\t\t\t\t\t\t\n\t\t\t\t\t\t\t\t\n\t\t\t\t\t\t\t\n\t\t\t\t\t\t<\/div>\n\t\t\t\t\t\t<!-- \/row_inner -->\n\t\t\t\t\t<\/div>\n\t\t\t\t\t<!-- \/row_inner_wrapper -->\n\t\t\t\t<\/div>\n\t\t\t\t<!-- \/module_row -->\n\t\t<\/div>\n<!-- \/themify_builder_content -->","protected":false},"excerpt":{"rendered":"<p>Lunes a Viernes 9:30-13:30 16:30-20:30\u00a0S\u00e1bados 9:30-13:30\u00a0\u00a0<\/p>\n","protected":false},"author":1,"featured_media":0,"parent":0,"menu_order":0,"comment_status":"closed","ping_status":"closed","template":"","meta":{"footnotes":""},"class_list":["post-10","page","type-page","status-publish","hentry","has-post-title","no-post-date","has-post-category","has-post-tag","has-post-comment","has-post-author"],"_links":{"self":[{"href":"https:\/\/daviniamonge.es\/index.php\/wp-json\/wp\/v2\/pages\/10","targetHints":{"allow":["GET"]}}],"collection":[{"href":"https:\/\/daviniamonge.es\/index.php\/wp-json\/wp\/v2\/pages"}],"about":[{"href":"https:\/\/daviniamonge.es\/index.php\/wp-json\/wp\/v2\/types\/page"}],"author":[{"embeddable":true,"href":"https:\/\/daviniamonge.es\/index.php\/wp-json\/wp\/v2\/users\/1"}],"replies":[{"embeddable":true,"href":"https:\/\/daviniamonge.es\/index.php\/wp-json\/wp\/v2\/comments?post=10"}],"version-history":[{"count":41,"href":"https:\/\/daviniamonge.es\/index.php\/wp-json\/wp\/v2\/pages\/10\/revisions"}],"predecessor-version":[{"id":281,"href":"https:\/\/daviniamonge.es\/index.php\/wp-json\/wp\/v2\/pages\/10\/revisions\/281"}],"wp:attachment":[{"href":"https:\/\/daviniamonge.es\/index.php\/wp-json\/wp\/v2\/media?parent=10"}],"curies":[{"name":"wp","href":"https:\/\/api.w.org\/{rel}","templated":true}]}}